{"id":111,"date":"2023-11-22T14:37:57","date_gmt":"2023-11-22T14:37:57","guid":{"rendered":"https:\/\/gomenal.com\/?page_id=111"},"modified":"2025-09-04T02:35:49","modified_gmt":"2025-09-04T02:35:49","slug":"quienes-somos","status":"publish","type":"page","link":"https:\/\/gomenal.com\/index.php\/quienes-somos\/","title":{"rendered":"\u00bfQui\u00e9nes Somos ?"},"content":{"rendered":"\t\t<div data-elementor-type=\"wp-page\" data-elementor-id=\"111\" class=\"elementor elementor-111\" data-elementor-post-type=\"page\">\n\t\t\t\t\t\t<section class=\"elementor-section elementor-top-section elementor-element elementor-element-ce8a2f4 elementor-section-height-min-height elementor-section-boxed elementor-section-height-default elementor-section-items-middle wpr-particle-no wpr-jarallax-no wpr-parallax-no wpr-sticky-section-no\" data-id=\"ce8a2f4\" data-element_type=\"section\" data-settings=\"{&quot;background_background&quot;:&quot;classic&quot;}\">\n\t\t\t\t\t\t\t<div class=\"elementor-background-overlay\"><\/div>\n\t\t\t\t\t\t\t<div class=\"elementor-container elementor-column-gap-default\">\n\t\t\t\t\t<div class=\"elementor-column elementor-col-100 elementor-top-column elementor-element elementor-element-5d22f71\" data-id=\"5d22f71\" data-element_type=\"column\">\n\t\t\t<div class=\"elementor-widget-wrap elementor-element-populated\">\n\t\t\t\t\t\t<div class=\"elementor-element elementor-element-5ba2279 elementor-widget elementor-widget-heading\" data-id=\"5ba2279\" data-element_type=\"widget\" data-widget_type=\"heading.default\">\n\t\t\t\t<div class=\"elementor-widget-container\">\n\t\t\t\t\t<h2 class=\"elementor-heading-title elementor-size-default\">Qu\u00edenes Somos<\/h2>\t\t\t\t<\/div>\n\t\t\t\t<\/div>\n\t\t\t\t\t<\/div>\n\t\t<\/div>\n\t\t\t\t\t<\/div>\n\t\t<\/section>\n\t\t\t\t<section class=\"elementor-section elementor-top-section elementor-element elementor-element-1e32dcb7 elementor-section-boxed elementor-section-height-default elementor-section-height-default wpr-particle-no wpr-jarallax-no wpr-parallax-no wpr-sticky-section-no\" data-id=\"1e32dcb7\" data-element_type=\"section\">\n\t\t\t\t\t\t<div class=\"elementor-container elementor-column-gap-wide\">\n\t\t\t\t\t<div class=\"elementor-column elementor-col-50 elementor-top-column elementor-element elementor-element-66319c29\" data-id=\"66319c29\" data-element_type=\"column\">\n\t\t\t<div class=\"elementor-widget-wrap elementor-element-populated\">\n\t\t\t\t\t\t<div class=\"elementor-element elementor-element-2084526c elementor-widget elementor-widget-heading\" data-id=\"2084526c\" data-element_type=\"widget\" data-widget_type=\"heading.default\">\n\t\t\t\t<div class=\"elementor-widget-container\">\n\t\t\t\t\t<h2 class=\"elementor-heading-title elementor-size-default\">CREAMOS, IMPORTAMOS Y EXPORTAMOS<\/h2>\t\t\t\t<\/div>\n\t\t\t\t<\/div>\n\t\t\t\t<div class=\"elementor-element elementor-element-47cbe18 elementor-widget elementor-widget-text-editor\" data-id=\"47cbe18\" data-element_type=\"widget\" data-widget_type=\"text-editor.default\">\n\t\t\t\t<div class=\"elementor-widget-container\">\n\t\t\t\t\t\t\t\t\t<p>Bienvenido a Gomenal, tu socio confiable en la industria de repuestos automotrices. Nos especializamos en la creaci\u00f3n, importaci\u00f3n y exportaci\u00f3n de repuestos de la m\u00e1s alta calidad para una amplia gama de veh\u00edculos comerciales. Nuestro compromiso es proporcionar piezas confiables y duraderas que satisfacen las necesidades de nuestros clientes en todo momento.<\/p>\t\t\t\t\t\t\t\t<\/div>\n\t\t\t\t<\/div>\n\t\t\t\t\t<\/div>\n\t\t<\/div>\n\t\t\t\t<div class=\"elementor-column elementor-col-50 elementor-top-column elementor-element elementor-element-4dc41e46 elementor-hidden-tablet elementor-hidden-mobile\" data-id=\"4dc41e46\" data-element_type=\"column\">\n\t\t\t<div class=\"elementor-widget-wrap elementor-element-populated\">\n\t\t\t\t\t\t<div class=\"elementor-element elementor-element-63392af1 elementor-widget elementor-widget-image\" data-id=\"63392af1\" data-element_type=\"widget\" data-widget_type=\"image.default\">\n\t\t\t\t<div class=\"elementor-widget-container\">\n\t\t\t\t\t\t\t\t\t\t\t\t\t\t\t<img fetchpriority=\"high\" decoding=\"async\" width=\"800\" height=\"534\" src=\"https:\/\/gomenal.com\/wp-content\/uploads\/2023\/11\/faros-nuevo-auto-rojo-concesionario-automoviles-1024x683.jpg\" class=\"attachment-large size-large wp-image-114\" alt=\"\" srcset=\"https:\/\/gomenal.com\/wp-content\/uploads\/2023\/11\/faros-nuevo-auto-rojo-concesionario-automoviles-1024x683.jpg 1024w, https:\/\/gomenal.com\/wp-content\/uploads\/2023\/11\/faros-nuevo-auto-rojo-concesionario-automoviles-300x200.jpg 300w, https:\/\/gomenal.com\/wp-content\/uploads\/2023\/11\/faros-nuevo-auto-rojo-concesionario-automoviles-768x513.jpg 768w, https:\/\/gomenal.com\/wp-content\/uploads\/2023\/11\/faros-nuevo-auto-rojo-concesionario-automoviles-1536x1025.jpg 1536w, https:\/\/gomenal.com\/wp-content\/uploads\/2023\/11\/faros-nuevo-auto-rojo-concesionario-automoviles-2048x1367.jpg 2048w\" sizes=\"(max-width: 800px) 100vw, 800px\" \/>\t\t\t\t\t\t\t\t\t\t\t\t\t\t\t<\/div>\n\t\t\t\t<\/div>\n\t\t\t\t\t<\/div>\n\t\t<\/div>\n\t\t\t\t\t<\/div>\n\t\t<\/section>\n\t\t\t\t<section class=\"elementor-section elementor-top-section elementor-element elementor-element-3086b97 elementor-section-boxed elementor-section-height-default elementor-section-height-default wpr-particle-no wpr-jarallax-no wpr-parallax-no wpr-sticky-section-no\" data-id=\"3086b97\" data-element_type=\"section\" data-settings=\"{&quot;background_background&quot;:&quot;classic&quot;}\">\n\t\t\t\t\t\t\t<div class=\"elementor-background-overlay\"><\/div>\n\t\t\t\t\t\t\t<div class=\"elementor-container elementor-column-gap-wide\">\n\t\t\t\t\t<div class=\"elementor-column elementor-col-50 elementor-top-column elementor-element elementor-element-78a4b7f1 elementor-hidden-tablet elementor-hidden-mobile\" data-id=\"78a4b7f1\" data-element_type=\"column\">\n\t\t\t<div class=\"elementor-widget-wrap elementor-element-populated\">\n\t\t\t\t\t\t<div class=\"elementor-element elementor-element-5ee56235 e-transform elementor-widget elementor-widget-image\" data-id=\"5ee56235\" data-element_type=\"widget\" data-settings=\"{&quot;_transform_flipX_effect&quot;:&quot;transform&quot;}\" data-widget_type=\"image.default\">\n\t\t\t\t<div class=\"elementor-widget-container\">\n\t\t\t\t\t\t\t\t\t\t\t\t\t\t\t<img decoding=\"async\" width=\"800\" height=\"680\" src=\"https:\/\/gomenal.com\/wp-content\/uploads\/2023\/03\/1502773_484645461641108_919003741_o-1024x871.jpg\" class=\"attachment-large size-large wp-image-76\" alt=\"\" srcset=\"https:\/\/gomenal.com\/wp-content\/uploads\/2023\/03\/1502773_484645461641108_919003741_o-1024x871.jpg 1024w, https:\/\/gomenal.com\/wp-content\/uploads\/2023\/03\/1502773_484645461641108_919003741_o-300x255.jpg 300w, https:\/\/gomenal.com\/wp-content\/uploads\/2023\/03\/1502773_484645461641108_919003741_o-768x653.jpg 768w, https:\/\/gomenal.com\/wp-content\/uploads\/2023\/03\/1502773_484645461641108_919003741_o-1536x1307.jpg 1536w, https:\/\/gomenal.com\/wp-content\/uploads\/2023\/03\/1502773_484645461641108_919003741_o.jpg 2048w\" sizes=\"(max-width: 800px) 100vw, 800px\" \/>\t\t\t\t\t\t\t\t\t\t\t\t\t\t\t<\/div>\n\t\t\t\t<\/div>\n\t\t\t\t\t<\/div>\n\t\t<\/div>\n\t\t\t\t<div class=\"elementor-column elementor-col-50 elementor-top-column elementor-element elementor-element-5fe2a6fa\" data-id=\"5fe2a6fa\" data-element_type=\"column\">\n\t\t\t<div class=\"elementor-widget-wrap elementor-element-populated\">\n\t\t\t\t\t\t<div class=\"elementor-element elementor-element-a56e70f elementor-widget elementor-widget-text-editor\" data-id=\"a56e70f\" data-element_type=\"widget\" data-widget_type=\"text-editor.default\">\n\t\t\t\t<div class=\"elementor-widget-container\">\n\t\t\t\t\t\t\t\t\t<p>En Gomenal, no solo ofrecemos repuestos, sino tambi\u00e9n nuestras propias marcas, entre las cuales destaca \u00abContacto\u00bb. El producto estrella de esta marca son los cables de alta calidad para veh\u00edculos, reconocidos por su rendimiento y durabilidad. Estamos comprometidos en ofrecer soluciones innovadoras y de calidad a nuestros clientes.<\/p><h3>\u00a0<\/h3>\t\t\t\t\t\t\t\t<\/div>\n\t\t\t\t<\/div>\n\t\t\t\t\t<\/div>\n\t\t<\/div>\n\t\t\t\t\t<\/div>\n\t\t<\/section>\n\t\t\t\t<section class=\"elementor-section elementor-top-section elementor-element elementor-element-7ffddbff elementor-section-boxed elementor-section-height-default elementor-section-height-default wpr-particle-no wpr-jarallax-no wpr-parallax-no wpr-sticky-section-no\" data-id=\"7ffddbff\" data-element_type=\"section\" data-settings=\"{&quot;background_background&quot;:&quot;classic&quot;}\">\n\t\t\t\t\t\t\t<div class=\"elementor-background-overlay\"><\/div>\n\t\t\t\t\t\t\t<div class=\"elementor-container elementor-column-gap-default\">\n\t\t\t\t\t<div class=\"elementor-column elementor-col-33 elementor-top-column elementor-element elementor-element-5b0eedb1\" data-id=\"5b0eedb1\" data-element_type=\"column\">\n\t\t\t<div class=\"elementor-widget-wrap elementor-element-populated\">\n\t\t\t\t\t\t<div class=\"elementor-element elementor-element-76b0e7ef elementor-widget elementor-widget-counter\" data-id=\"76b0e7ef\" data-element_type=\"widget\" data-widget_type=\"counter.default\">\n\t\t\t\t<div class=\"elementor-widget-container\">\n\t\t\t\t\t\t\t<div class=\"elementor-counter\">\n\t\t\t<div class=\"elementor-counter-title\">Clientes felices<\/div>\t\t\t<div class=\"elementor-counter-number-wrapper\">\n\t\t\t\t<span class=\"elementor-counter-number-prefix\"><\/span>\n\t\t\t\t<span class=\"elementor-counter-number\" data-duration=\"2000\" data-to-value=\"450\" data-from-value=\"400\" data-delimiter=\",\">400<\/span>\n\t\t\t\t<span class=\"elementor-counter-number-suffix\">k+<\/span>\n\t\t\t<\/div>\n\t\t<\/div>\n\t\t\t\t\t\t<\/div>\n\t\t\t\t<\/div>\n\t\t\t\t\t<\/div>\n\t\t<\/div>\n\t\t\t\t<div class=\"elementor-column elementor-col-33 elementor-top-column elementor-element elementor-element-7b337195\" data-id=\"7b337195\" data-element_type=\"column\">\n\t\t\t<div class=\"elementor-widget-wrap elementor-element-populated\">\n\t\t\t\t\t\t<div class=\"elementor-element elementor-element-4231956a elementor-widget elementor-widget-counter\" data-id=\"4231956a\" data-element_type=\"widget\" data-widget_type=\"counter.default\">\n\t\t\t\t<div class=\"elementor-widget-container\">\n\t\t\t\t\t\t\t<div class=\"elementor-counter\">\n\t\t\t<div class=\"elementor-counter-title\">Productos diferentes<\/div>\t\t\t<div class=\"elementor-counter-number-wrapper\">\n\t\t\t\t<span class=\"elementor-counter-number-prefix\"><\/span>\n\t\t\t\t<span class=\"elementor-counter-number\" data-duration=\"2000\" data-to-value=\"90\" data-from-value=\"0\" data-delimiter=\",\">0<\/span>\n\t\t\t\t<span class=\"elementor-counter-number-suffix\">+<\/span>\n\t\t\t<\/div>\n\t\t<\/div>\n\t\t\t\t\t\t<\/div>\n\t\t\t\t<\/div>\n\t\t\t\t\t<\/div>\n\t\t<\/div>\n\t\t\t\t<div class=\"elementor-column elementor-col-33 elementor-top-column elementor-element elementor-element-4bd71f75\" data-id=\"4bd71f75\" data-element_type=\"column\">\n\t\t\t<div class=\"elementor-widget-wrap elementor-element-populated\">\n\t\t\t\t\t\t<div class=\"elementor-element elementor-element-71deb46f elementor-widget elementor-widget-counter\" data-id=\"71deb46f\" data-element_type=\"widget\" data-widget_type=\"counter.default\">\n\t\t\t\t<div class=\"elementor-widget-container\">\n\t\t\t\t\t\t\t<div class=\"elementor-counter\">\n\t\t\t<div class=\"elementor-counter-title\">Marcas disponibles<\/div>\t\t\t<div class=\"elementor-counter-number-wrapper\">\n\t\t\t\t<span class=\"elementor-counter-number-prefix\"><\/span>\n\t\t\t\t<span class=\"elementor-counter-number\" data-duration=\"2000\" data-to-value=\"10\" data-from-value=\"0\" data-delimiter=\",\">0<\/span>\n\t\t\t\t<span class=\"elementor-counter-number-suffix\"><\/span>\n\t\t\t<\/div>\n\t\t<\/div>\n\t\t\t\t\t\t<\/div>\n\t\t\t\t<\/div>\n\t\t\t\t\t<\/div>\n\t\t<\/div>\n\t\t\t\t\t<\/div>\n\t\t<\/section>\n\t\t\t\t<\/div>\n\t\t","protected":false},"excerpt":{"rendered":"<p>Qu\u00edenes Somos CREAMOS, IMPORTAMOS Y EXPORTAMOS Bienvenido a Gomenal, tu socio confiable en la industria de repuestos automotrices. Nos especializamos en la creaci\u00f3n, importaci\u00f3n y exportaci\u00f3n de repuestos de la m\u00e1s alta calidad para una amplia gama de veh\u00edculos comerciales. Nuestro compromiso es proporcionar piezas confiables y duraderas que satisfacen las necesidades de nuestros clientes en todo momento. En Gomenal, no solo ofrecemos repuestos, sino tambi\u00e9n nuestras propias marcas, entre las cuales destaca \u00abContacto\u00bb. El producto estrella de esta marca son los cables de alta calidad para veh\u00edculos, reconocidos por su rendimiento y durabilidad. Estamos comprometidos en ofrecer soluciones innovadoras y de calidad a nuestros clientes. \u00a0 Clientes felices 400 k+ Productos diferentes 0 + Marcas disponibles 0<\/p>\n","protected":false},"author":1,"featured_media":0,"parent":0,"menu_order":0,"comment_status":"closed","ping_status":"closed","template":"elementor_header_footer","meta":{"footnotes":""},"class_list":["post-111","page","type-page","status-publish","hentry"],"_links":{"self":[{"href":"https:\/\/gomenal.com\/index.php\/wp-json\/wp\/v2\/pages\/111","targetHints":{"allow":["GET"]}}],"collection":[{"href":"https:\/\/gomenal.com\/index.php\/wp-json\/wp\/v2\/pages"}],"about":[{"href":"https:\/\/gomenal.com\/index.php\/wp-json\/wp\/v2\/types\/page"}],"author":[{"embeddable":true,"href":"https:\/\/gomenal.com\/index.php\/wp-json\/wp\/v2\/users\/1"}],"replies":[{"embeddable":true,"href":"https:\/\/gomenal.com\/index.php\/wp-json\/wp\/v2\/comments?post=111"}],"version-history":[{"count":20,"href":"https:\/\/gomenal.com\/index.php\/wp-json\/wp\/v2\/pages\/111\/revisions"}],"predecessor-version":[{"id":368,"href":"https:\/\/gomenal.com\/index.php\/wp-json\/wp\/v2\/pages\/111\/revisions\/368"}],"wp:attachment":[{"href":"https:\/\/gomenal.com\/index.php\/wp-json\/wp\/v2\/media?parent=111"}],"curies":[{"name":"wp","href":"https:\/\/api.w.org\/{rel}","templated":true}]}}