{"id":131,"date":"2023-11-22T15:30:44","date_gmt":"2023-11-22T15:30:44","guid":{"rendered":"https:\/\/gomenal.com\/?page_id=131"},"modified":"2023-11-22T15:36:12","modified_gmt":"2023-11-22T15:36:12","slug":"linea-de-transparencia","status":"publish","type":"page","link":"https:\/\/gomenal.com\/index.php\/linea-de-transparencia\/","title":{"rendered":"L\u00ednea de Transparencia"},"content":{"rendered":"\t\t<div data-elementor-type=\"wp-page\" data-elementor-id=\"131\" class=\"elementor elementor-131\" data-elementor-post-type=\"page\">\n\t\t\t\t\t\t<section class=\"elementor-section elementor-top-section elementor-element elementor-element-bd0ef8c elementor-section-boxed elementor-section-height-default elementor-section-height-default wpr-particle-no wpr-jarallax-no wpr-parallax-no wpr-sticky-section-no\" data-id=\"bd0ef8c\" data-element_type=\"section\">\n\t\t\t\t\t\t<div class=\"elementor-container elementor-column-gap-default\">\n\t\t\t\t\t<div class=\"elementor-column elementor-col-100 elementor-top-column elementor-element elementor-element-cf670e2\" data-id=\"cf670e2\" data-element_type=\"column\">\n\t\t\t<div class=\"elementor-widget-wrap elementor-element-populated\">\n\t\t\t\t\t\t<div class=\"elementor-element elementor-element-95a729b elementor-widget elementor-widget-image\" data-id=\"95a729b\" data-element_type=\"widget\" data-widget_type=\"image.default\">\n\t\t\t\t<div class=\"elementor-widget-container\">\n\t\t\t\t\t\t\t\t\t\t\t\t\t\t\t<img decoding=\"async\" src=\"https:\/\/gomenal.com\/wp-content\/uploads\/elementor\/thumbs\/equipo-atencion-al-cliente-lugar-trabajo_74855-4034-qfqpup8kbv8p04mxpc5in6vau1m9d4uzpicqx7kn94.jpg\" title=\"equipo-atencion-al-cliente-lugar-trabajo_74855-4034\" alt=\"equipo-atencion-al-cliente-lugar-trabajo_74855-4034\" loading=\"lazy\" \/>\t\t\t\t\t\t\t\t\t\t\t\t\t\t\t<\/div>\n\t\t\t\t<\/div>\n\t\t\t\t\t<\/div>\n\t\t<\/div>\n\t\t\t\t\t<\/div>\n\t\t<\/section>\n\t\t\t\t<section class=\"elementor-section elementor-top-section elementor-element elementor-element-e36e35f elementor-section-boxed elementor-section-height-default elementor-section-height-default wpr-particle-no wpr-jarallax-no wpr-parallax-no wpr-sticky-section-no\" data-id=\"e36e35f\" data-element_type=\"section\">\n\t\t\t\t\t\t<div class=\"elementor-container elementor-column-gap-default\">\n\t\t\t\t\t<div class=\"elementor-column elementor-col-100 elementor-top-column elementor-element elementor-element-60cd57b\" data-id=\"60cd57b\" data-element_type=\"column\">\n\t\t\t<div class=\"elementor-widget-wrap elementor-element-populated\">\n\t\t\t\t\t\t<div class=\"elementor-element elementor-element-ba065a8 elementor-widget elementor-widget-spacer\" data-id=\"ba065a8\" data-element_type=\"widget\" data-widget_type=\"spacer.default\">\n\t\t\t\t<div class=\"elementor-widget-container\">\n\t\t\t\t\t\t\t<div class=\"elementor-spacer\">\n\t\t\t<div class=\"elementor-spacer-inner\"><\/div>\n\t\t<\/div>\n\t\t\t\t\t\t<\/div>\n\t\t\t\t<\/div>\n\t\t\t\t\t<\/div>\n\t\t<\/div>\n\t\t\t\t\t<\/div>\n\t\t<\/section>\n\t\t\t\t<section class=\"elementor-section elementor-top-section elementor-element elementor-element-e5051ce elementor-section-boxed elementor-section-height-default elementor-section-height-default wpr-particle-no wpr-jarallax-no wpr-parallax-no wpr-sticky-section-no\" data-id=\"e5051ce\" data-element_type=\"section\">\n\t\t\t\t\t\t<div class=\"elementor-container elementor-column-gap-default\">\n\t\t\t\t\t<div class=\"elementor-column elementor-col-100 elementor-top-column elementor-element elementor-element-a32edd5\" data-id=\"a32edd5\" data-element_type=\"column\">\n\t\t\t<div class=\"elementor-widget-wrap elementor-element-populated\">\n\t\t\t\t\t\t<div class=\"elementor-element elementor-element-9ea79f9 elementor-widget elementor-widget-heading\" data-id=\"9ea79f9\" data-element_type=\"widget\" data-widget_type=\"heading.default\">\n\t\t\t\t<div class=\"elementor-widget-container\">\n\t\t\t\t\t<h2 class=\"elementor-heading-title elementor-size-default\">L\u00ednea de Transparencia<\/h2>\t\t\t\t<\/div>\n\t\t\t\t<\/div>\n\t\t\t\t\t<\/div>\n\t\t<\/div>\n\t\t\t\t\t<\/div>\n\t\t<\/section>\n\t\t\t\t<section class=\"elementor-section elementor-top-section elementor-element elementor-element-a9ebcb1 elementor-section-boxed elementor-section-height-default elementor-section-height-default wpr-particle-no wpr-jarallax-no wpr-parallax-no wpr-sticky-section-no\" data-id=\"a9ebcb1\" data-element_type=\"section\">\n\t\t\t\t\t\t<div class=\"elementor-container elementor-column-gap-default\">\n\t\t\t\t\t<div class=\"elementor-column elementor-col-100 elementor-top-column elementor-element elementor-element-ac7972e\" data-id=\"ac7972e\" data-element_type=\"column\">\n\t\t\t<div class=\"elementor-widget-wrap elementor-element-populated\">\n\t\t\t\t\t\t<div class=\"elementor-element elementor-element-5f3a676 elementor-widget elementor-widget-text-editor\" data-id=\"5f3a676\" data-element_type=\"widget\" data-widget_type=\"text-editor.default\">\n\t\t\t\t<div class=\"elementor-widget-container\">\n\t\t\t\t\t\t\t\t\t<p><br \/>GOMENAL tiene un compromiso con la transparencia y el cumplimiento de altos par\u00e1metros \u00e9ticos y de prevenci\u00f3n de actividades il\u00edcitas.<br \/>En ese sentido, la compa\u00f1\u00eda ha dise\u00f1ado mecanismos que le ayudan a hacer efectivo ese compromiso, los cuales est\u00e1n a disposici\u00f3n de todos los colaboradores y los grupos de inter\u00e9s.<br \/>El CORREO DE TRANSPARENCIA es uno de ellos y est\u00e1 disponible para que los clientes, proveedores, colaboradores y los grupos de inter\u00e9s reporten -an\u00f3nimamente si lo prefieren- aquellas conductas no transparentes que van en contra de los lineamientos definidos en la Pol\u00edtica de Transparencia, el C\u00f3digo de Buen Gobierno y la Ley colombiana.<br \/>EL correo DE TRANSPARENCIA es un canal electr\u00f3nico al cual se puede acceder por LINEAETICA@GOMENAL.COM. Se rige por principios de absoluta reserva y confidencialidad de la informaci\u00f3n y busca administrar adecuadamente la exposici\u00f3n a los riesgos, especialmente los relacionados con la \u00e9tica y la transparencia.<br \/>Esta l\u00ednea es operada por personal externo garantizando as\u00ed la independencia del mecanismo.<br \/>El funcionamiento del correo est\u00e1 acompa\u00f1ado de la conformaci\u00f3n del Comit\u00e9 de Transparencia, liderado por la Gerencia general, el Oficial de Cumplimiento, la junta directiva y Gesti\u00f3n Humana. <br \/>Conceptos claves del correo de Transparencia:<br \/>\u2022 El correo de Transparencia es diferente a el correo de servicio al cliente.<br \/>\u2022 No es una herramienta de quejas y reclamos, sino de reporte por conductas que van contra la Transparencia e Integridad de la compa\u00f1\u00eda.<br \/>\u2022 No es para sugerencias ni atenci\u00f3n de temas laborales ni personales.<br \/>\u2022 Debe ser utilizada con responsabilidad. Los hechos reportados deben ser reales y verificables<\/p>\t\t\t\t\t\t\t\t<\/div>\n\t\t\t\t<\/div>\n\t\t\t\t\t<\/div>\n\t\t<\/div>\n\t\t\t\t\t<\/div>\n\t\t<\/section>\n\t\t\t\t<\/div>\n\t\t","protected":false},"excerpt":{"rendered":"<p>L\u00ednea de Transparencia GOMENAL tiene un compromiso con la transparencia y el cumplimiento de altos par\u00e1metros \u00e9ticos y de prevenci\u00f3n de actividades il\u00edcitas.En ese sentido, la compa\u00f1\u00eda ha dise\u00f1ado mecanismos que le ayudan a hacer efectivo ese compromiso, los cuales est\u00e1n a disposici\u00f3n de todos los colaboradores y los grupos de inter\u00e9s.El CORREO DE TRANSPARENCIA es uno de ellos y est\u00e1 disponible para que los clientes, proveedores, colaboradores y los grupos de inter\u00e9s reporten -an\u00f3nimamente si lo prefieren- aquellas conductas no transparentes que van en contra de los lineamientos definidos en la Pol\u00edtica de Transparencia, el C\u00f3digo de Buen Gobierno y la Ley colombiana.EL correo DE TRANSPARENCIA es un canal electr\u00f3nico al cual se puede acceder por LINEAETICA@GOMENAL.COM. Se rige por principios de absoluta reserva y confidencialidad de la informaci\u00f3n y busca administrar adecuadamente la exposici\u00f3n a los riesgos, especialmente los relacionados con la \u00e9tica y la transparencia.Esta l\u00ednea es operada por personal externo garantizando as\u00ed la independencia del mecanismo.El funcionamiento del correo est\u00e1 acompa\u00f1ado de la conformaci\u00f3n del Comit\u00e9 de Transparencia, liderado por la Gerencia general, el Oficial de Cumplimiento, la junta directiva y Gesti\u00f3n Humana. Conceptos claves del correo de Transparencia:\u2022 El correo de Transparencia es diferente a el correo de servicio al cliente.\u2022 No es una herramienta de quejas y reclamos, sino de reporte por conductas que van contra la Transparencia e Integridad de la compa\u00f1\u00eda.\u2022 No es para sugerencias ni atenci\u00f3n de temas laborales ni personales.\u2022 Debe ser utilizada con responsabilidad. Los hechos reportados deben ser reales y verificables<\/p>\n","protected":false},"author":1,"featured_media":0,"parent":0,"menu_order":0,"comment_status":"closed","ping_status":"closed","template":"","meta":{"footnotes":""},"class_list":["post-131","page","type-page","status-publish","hentry"],"_links":{"self":[{"href":"https:\/\/gomenal.com\/index.php\/wp-json\/wp\/v2\/pages\/131","targetHints":{"allow":["GET"]}}],"collection":[{"href":"https:\/\/gomenal.com\/index.php\/wp-json\/wp\/v2\/pages"}],"about":[{"href":"https:\/\/gomenal.com\/index.php\/wp-json\/wp\/v2\/types\/page"}],"author":[{"embeddable":true,"href":"https:\/\/gomenal.com\/index.php\/wp-json\/wp\/v2\/users\/1"}],"replies":[{"embeddable":true,"href":"https:\/\/gomenal.com\/index.php\/wp-json\/wp\/v2\/comments?post=131"}],"version-history":[{"count":4,"href":"https:\/\/gomenal.com\/index.php\/wp-json\/wp\/v2\/pages\/131\/revisions"}],"predecessor-version":[{"id":137,"href":"https:\/\/gomenal.com\/index.php\/wp-json\/wp\/v2\/pages\/131\/revisions\/137"}],"wp:attachment":[{"href":"https:\/\/gomenal.com\/index.php\/wp-json\/wp\/v2\/media?parent=131"}],"curies":[{"name":"wp","href":"https:\/\/api.w.org\/{rel}","templated":true}]}}