{"id":430,"date":"2025-11-07T16:54:16","date_gmt":"2025-11-07T16:54:16","guid":{"rendered":"https:\/\/gomenal.com\/?page_id=430"},"modified":"2025-11-07T17:03:45","modified_gmt":"2025-11-07T17:03:45","slug":"royal-enfield","status":"publish","type":"page","link":"https:\/\/gomenal.com\/index.php\/royal-enfield\/","title":{"rendered":"Royal Enfield"},"content":{"rendered":"\t\t<div data-elementor-type=\"wp-page\" data-elementor-id=\"430\" class=\"elementor elementor-430\" data-elementor-post-type=\"page\">\n\t\t\t\t\t\t<section class=\"elementor-section elementor-top-section elementor-element elementor-element-ce8a2f4 elementor-section-height-min-height elementor-section-boxed elementor-section-height-default elementor-section-items-middle wpr-particle-no wpr-jarallax-no wpr-parallax-no wpr-sticky-section-no\" data-id=\"ce8a2f4\" data-element_type=\"section\" data-settings=\"{&quot;background_background&quot;:&quot;classic&quot;}\">\n\t\t\t\t\t\t\t<div class=\"elementor-background-overlay\"><\/div>\n\t\t\t\t\t\t\t<div class=\"elementor-container elementor-column-gap-default\">\n\t\t\t\t\t<div class=\"elementor-column elementor-col-100 elementor-top-column elementor-element elementor-element-5d22f71\" data-id=\"5d22f71\" data-element_type=\"column\">\n\t\t\t<div class=\"elementor-widget-wrap elementor-element-populated\">\n\t\t\t\t\t\t<div class=\"elementor-element elementor-element-5ba2279 elementor-widget elementor-widget-heading\" data-id=\"5ba2279\" data-element_type=\"widget\" data-widget_type=\"heading.default\">\n\t\t\t\t<div class=\"elementor-widget-container\">\n\t\t\t\t\t<h2 class=\"elementor-heading-title elementor-size-default\">ROYAL ENFIELD<\/h2>\t\t\t\t<\/div>\n\t\t\t\t<\/div>\n\t\t\t\t\t<\/div>\n\t\t<\/div>\n\t\t\t\t\t<\/div>\n\t\t<\/section>\n\t\t\t\t<section class=\"elementor-section elementor-top-section elementor-element elementor-element-1e32dcb7 elementor-section-boxed elementor-section-height-default elementor-section-height-default wpr-particle-no wpr-jarallax-no wpr-parallax-no wpr-sticky-section-no\" data-id=\"1e32dcb7\" data-element_type=\"section\">\n\t\t\t\t\t\t<div class=\"elementor-container elementor-column-gap-wide\">\n\t\t\t\t\t<div class=\"elementor-column elementor-col-50 elementor-top-column elementor-element elementor-element-66319c29\" data-id=\"66319c29\" data-element_type=\"column\">\n\t\t\t<div class=\"elementor-widget-wrap elementor-element-populated\">\n\t\t\t\t\t\t<div class=\"elementor-element elementor-element-2084526c elementor-widget elementor-widget-heading\" data-id=\"2084526c\" data-element_type=\"widget\" data-widget_type=\"heading.default\">\n\t\t\t\t<div class=\"elementor-widget-container\">\n\t\t\t\t\t<h2 class=\"elementor-heading-title elementor-size-default\">PASI\u00d3N, ESTILO Y AVENTURA SOBRE DOS RUEDAS<\/h2>\t\t\t\t<\/div>\n\t\t\t\t<\/div>\n\t\t\t\t<div class=\"elementor-element elementor-element-47cbe18 elementor-widget elementor-widget-text-editor\" data-id=\"47cbe18\" data-element_type=\"widget\" data-widget_type=\"text-editor.default\">\n\t\t\t\t<div class=\"elementor-widget-container\">\n\t\t\t\t\t\t\t\t\t<p>Bienvenido a Gomenal,<\/p><p data-start=\"306\" data-end=\"693\">distribuidores oficiales de <strong data-start=\"367\" data-end=\"384\">Royal Enfield<\/strong>, una marca legendaria que combina tradici\u00f3n, potencia y dise\u00f1o atemporal.<br data-start=\"458\" data-end=\"461\" \/>Cada motocicleta Royal Enfield est\u00e1 fabricada con un equilibrio perfecto entre ingenier\u00eda moderna y el esp\u00edritu cl\u00e1sico brit\u00e1nico, brindando una experiencia de manejo \u00fanica para quienes buscan libertad y autenticidad en cada ruta.<\/p><p data-start=\"695\" data-end=\"918\">Nos enorgullece ofrecer modelos emblem\u00e1ticos que inspiran confianza, durabilidad y aventura. Ya sea para recorrer la ciudad o conquistar nuevos caminos, con Royal Enfield cada viaje se convierte en una historia inolvidable.<\/p>\t\t\t\t\t\t\t\t<\/div>\n\t\t\t\t<\/div>\n\t\t\t\t\t<\/div>\n\t\t<\/div>\n\t\t\t\t<div class=\"elementor-column elementor-col-50 elementor-top-column elementor-element elementor-element-4dc41e46 elementor-hidden-tablet elementor-hidden-mobile\" data-id=\"4dc41e46\" data-element_type=\"column\">\n\t\t\t<div class=\"elementor-widget-wrap elementor-element-populated\">\n\t\t\t\t\t\t<div class=\"elementor-element elementor-element-63392af1 elementor-widget elementor-widget-image\" data-id=\"63392af1\" data-element_type=\"widget\" data-widget_type=\"image.default\">\n\t\t\t\t<div class=\"elementor-widget-container\">\n\t\t\t\t\t\t\t\t\t\t\t\t\t\t\t<img fetchpriority=\"high\" decoding=\"async\" width=\"640\" height=\"450\" src=\"https:\/\/gomenal.com\/wp-content\/uploads\/2025\/11\/thumbnail_shotgun_650.webp\" class=\"attachment-large size-large wp-image-443\" alt=\"\" srcset=\"https:\/\/gomenal.com\/wp-content\/uploads\/2025\/11\/thumbnail_shotgun_650.webp 640w, https:\/\/gomenal.com\/wp-content\/uploads\/2025\/11\/thumbnail_shotgun_650-300x211.webp 300w, https:\/\/gomenal.com\/wp-content\/uploads\/2025\/11\/thumbnail_shotgun_650-600x422.webp 600w\" sizes=\"(max-width: 640px) 100vw, 640px\" \/>\t\t\t\t\t\t\t\t\t\t\t\t\t\t\t<\/div>\n\t\t\t\t<\/div>\n\t\t\t\t\t<\/div>\n\t\t<\/div>\n\t\t\t\t\t<\/div>\n\t\t<\/section>\n\t\t\t\t<section class=\"elementor-section elementor-top-section elementor-element elementor-element-3086b97 elementor-section-boxed elementor-section-height-default elementor-section-height-default wpr-particle-no wpr-jarallax-no wpr-parallax-no wpr-sticky-section-no\" data-id=\"3086b97\" data-element_type=\"section\" data-settings=\"{&quot;background_background&quot;:&quot;classic&quot;}\">\n\t\t\t\t\t\t\t<div class=\"elementor-background-overlay\"><\/div>\n\t\t\t\t\t\t\t<div class=\"elementor-container elementor-column-gap-wide\">\n\t\t\t\t\t<div class=\"elementor-column elementor-col-50 elementor-top-column elementor-element elementor-element-78a4b7f1 elementor-hidden-tablet elementor-hidden-mobile\" data-id=\"78a4b7f1\" data-element_type=\"column\">\n\t\t\t<div class=\"elementor-widget-wrap elementor-element-populated\">\n\t\t\t\t\t\t<div class=\"elementor-element elementor-element-5ee56235 e-transform elementor-widget elementor-widget-image\" data-id=\"5ee56235\" data-element_type=\"widget\" data-settings=\"{&quot;_transform_flipX_effect&quot;:&quot;transform&quot;}\" data-widget_type=\"image.default\">\n\t\t\t\t<div class=\"elementor-widget-container\">\n\t\t\t\t\t\t\t\t\t\t\t\t\t\t\t<img decoding=\"async\" width=\"800\" height=\"525\" src=\"https:\/\/gomenal.com\/wp-content\/uploads\/2025\/11\/banner-description-classic_350-1024x672.webp\" class=\"attachment-large size-large wp-image-448\" alt=\"\" srcset=\"https:\/\/gomenal.com\/wp-content\/uploads\/2025\/11\/banner-description-classic_350-1024x672.webp 1024w, https:\/\/gomenal.com\/wp-content\/uploads\/2025\/11\/banner-description-classic_350-300x197.webp 300w, https:\/\/gomenal.com\/wp-content\/uploads\/2025\/11\/banner-description-classic_350-768x504.webp 768w, https:\/\/gomenal.com\/wp-content\/uploads\/2025\/11\/banner-description-classic_350-600x394.webp 600w, https:\/\/gomenal.com\/wp-content\/uploads\/2025\/11\/banner-description-classic_350.webp 1035w\" sizes=\"(max-width: 800px) 100vw, 800px\" \/>\t\t\t\t\t\t\t\t\t\t\t\t\t\t\t<\/div>\n\t\t\t\t<\/div>\n\t\t\t\t\t<\/div>\n\t\t<\/div>\n\t\t\t\t<div class=\"elementor-column elementor-col-50 elementor-top-column elementor-element elementor-element-5fe2a6fa\" data-id=\"5fe2a6fa\" data-element_type=\"column\">\n\t\t\t<div class=\"elementor-widget-wrap elementor-element-populated\">\n\t\t\t\t\t\t<div class=\"elementor-element elementor-element-a56e70f elementor-widget elementor-widget-text-editor\" data-id=\"a56e70f\" data-element_type=\"widget\" data-widget_type=\"text-editor.default\">\n\t\t\t\t<div class=\"elementor-widget-container\">\n\t\t\t\t\t\t\t\t\t<p data-start=\"565\" data-end=\"952\">En Gomenal, nos enorgullece representar a <strong data-start=\"607\" data-end=\"624\">Royal Enfield<\/strong>, una marca con m\u00e1s de un siglo de historia que encarna la pasi\u00f3n por la aventura, la libertad y la autenticidad.<br data-start=\"737\" data-end=\"740\" \/>Cada motocicleta est\u00e1 construida con un equilibrio perfecto entre ingenier\u00eda moderna y el esp\u00edritu cl\u00e1sico brit\u00e1nico que la caracteriza, ofreciendo una experiencia de conducci\u00f3n \u00fanica, c\u00f3moda y llena de estilo.<\/p><p data-start=\"954\" data-end=\"1134\">Desde los modelos urbanos hasta los dise\u00f1ados para largas rutas, <strong data-start=\"1019\" data-end=\"1080\">Royal Enfield combina dise\u00f1o, resistencia y confiabilidad<\/strong>, garantizando desempe\u00f1o y elegancia en cada trayecto.<\/p>\t\t\t\t\t\t\t\t<\/div>\n\t\t\t\t<\/div>\n\t\t\t\t\t<\/div>\n\t\t<\/div>\n\t\t\t\t\t<\/div>\n\t\t<\/section>\n\t\t\t\t<section class=\"elementor-section elementor-top-section elementor-element elementor-element-7ffddbff elementor-section-boxed elementor-section-height-default elementor-section-height-default wpr-particle-no wpr-jarallax-no wpr-parallax-no wpr-sticky-section-no\" data-id=\"7ffddbff\" data-element_type=\"section\" data-settings=\"{&quot;background_background&quot;:&quot;classic&quot;}\">\n\t\t\t\t\t\t\t<div class=\"elementor-background-overlay\"><\/div>\n\t\t\t\t\t\t\t<div class=\"elementor-container elementor-column-gap-default\">\n\t\t\t\t\t<div class=\"elementor-column elementor-col-33 elementor-top-column elementor-element elementor-element-5b0eedb1\" data-id=\"5b0eedb1\" data-element_type=\"column\">\n\t\t\t<div class=\"elementor-widget-wrap elementor-element-populated\">\n\t\t\t\t\t\t<div class=\"elementor-element elementor-element-76b0e7ef elementor-widget elementor-widget-counter\" data-id=\"76b0e7ef\" data-element_type=\"widget\" data-widget_type=\"counter.default\">\n\t\t\t\t<div class=\"elementor-widget-container\">\n\t\t\t\t\t\t\t<div class=\"elementor-counter\">\n\t\t\t<div class=\"elementor-counter-title\">A\u00f1os de historia legendaria<\/div>\t\t\t<div class=\"elementor-counter-number-wrapper\">\n\t\t\t\t<span class=\"elementor-counter-number-prefix\"><\/span>\n\t\t\t\t<span class=\"elementor-counter-number\" data-duration=\"2000\" data-to-value=\"120\" data-from-value=\"0\" data-delimiter=\",\">0<\/span>\n\t\t\t\t<span class=\"elementor-counter-number-suffix\">k+<\/span>\n\t\t\t<\/div>\n\t\t<\/div>\n\t\t\t\t\t\t<\/div>\n\t\t\t\t<\/div>\n\t\t\t\t\t<\/div>\n\t\t<\/div>\n\t\t\t\t<div class=\"elementor-column elementor-col-33 elementor-top-column elementor-element elementor-element-7b337195\" data-id=\"7b337195\" data-element_type=\"column\">\n\t\t\t<div class=\"elementor-widget-wrap elementor-element-populated\">\n\t\t\t\t\t\t<div class=\"elementor-element elementor-element-4231956a elementor-widget elementor-widget-counter\" data-id=\"4231956a\" data-element_type=\"widget\" data-widget_type=\"counter.default\">\n\t\t\t\t<div class=\"elementor-widget-container\">\n\t\t\t\t\t\t\t<div class=\"elementor-counter\">\n\t\t\t<div class=\"elementor-counter-title\">Pa\u00edses con presencia oficial<\/div>\t\t\t<div class=\"elementor-counter-number-wrapper\">\n\t\t\t\t<span class=\"elementor-counter-number-prefix\"><\/span>\n\t\t\t\t<span class=\"elementor-counter-number\" data-duration=\"2000\" data-to-value=\"60\" data-from-value=\"0\" data-delimiter=\",\">0<\/span>\n\t\t\t\t<span class=\"elementor-counter-number-suffix\">+<\/span>\n\t\t\t<\/div>\n\t\t<\/div>\n\t\t\t\t\t\t<\/div>\n\t\t\t\t<\/div>\n\t\t\t\t\t<\/div>\n\t\t<\/div>\n\t\t\t\t<div class=\"elementor-column elementor-col-33 elementor-top-column elementor-element elementor-element-4bd71f75\" data-id=\"4bd71f75\" data-element_type=\"column\">\n\t\t\t<div class=\"elementor-widget-wrap elementor-element-populated\">\n\t\t\t\t\t\t<div class=\"elementor-element elementor-element-71deb46f elementor-widget elementor-widget-counter\" data-id=\"71deb46f\" data-element_type=\"widget\" data-widget_type=\"counter.default\">\n\t\t\t\t<div class=\"elementor-widget-container\">\n\t\t\t\t\t\t\t<div class=\"elementor-counter\">\n\t\t\t<div class=\"elementor-counter-title\">Modelos disponibles en nuestra l\u00ednea<\/div>\t\t\t<div class=\"elementor-counter-number-wrapper\">\n\t\t\t\t<span class=\"elementor-counter-number-prefix\"><\/span>\n\t\t\t\t<span class=\"elementor-counter-number\" data-duration=\"2000\" data-to-value=\"10\" data-from-value=\"0\" data-delimiter=\",\">0<\/span>\n\t\t\t\t<span class=\"elementor-counter-number-suffix\"><\/span>\n\t\t\t<\/div>\n\t\t<\/div>\n\t\t\t\t\t\t<\/div>\n\t\t\t\t<\/div>\n\t\t\t\t\t<\/div>\n\t\t<\/div>\n\t\t\t\t\t<\/div>\n\t\t<\/section>\n\t\t\t\t<\/div>\n\t\t","protected":false},"excerpt":{"rendered":"<p>ROYAL ENFIELD PASI\u00d3N, ESTILO Y AVENTURA SOBRE DOS RUEDAS Bienvenido a Gomenal, distribuidores oficiales de Royal Enfield, una marca legendaria que combina tradici\u00f3n, potencia y dise\u00f1o atemporal.Cada motocicleta Royal Enfield est\u00e1 fabricada con un equilibrio perfecto entre ingenier\u00eda moderna y el esp\u00edritu cl\u00e1sico brit\u00e1nico, brindando una experiencia de manejo \u00fanica para quienes buscan libertad y autenticidad en cada ruta. Nos enorgullece ofrecer modelos emblem\u00e1ticos que inspiran confianza, durabilidad y aventura. Ya sea para recorrer la ciudad o conquistar nuevos caminos, con Royal Enfield cada viaje se convierte en una historia inolvidable. En Gomenal, nos enorgullece representar a Royal Enfield, una marca con m\u00e1s de un siglo de historia que encarna la pasi\u00f3n por la aventura, la libertad y la autenticidad.Cada motocicleta est\u00e1 construida con un equilibrio perfecto entre ingenier\u00eda moderna y el esp\u00edritu cl\u00e1sico brit\u00e1nico que la caracteriza, ofreciendo una experiencia de conducci\u00f3n \u00fanica, c\u00f3moda y llena de estilo. Desde los modelos urbanos hasta los dise\u00f1ados para largas rutas, Royal Enfield combina dise\u00f1o, resistencia y confiabilidad, garantizando desempe\u00f1o y elegancia en cada trayecto. A\u00f1os de historia legendaria 0 k+ Pa\u00edses con presencia oficial 0 + Modelos disponibles en nuestra l\u00ednea 0<\/p>\n","protected":false},"author":1,"featured_media":0,"parent":0,"menu_order":0,"comment_status":"closed","ping_status":"closed","template":"elementor_header_footer","meta":{"footnotes":""},"class_list":["post-430","page","type-page","status-publish","hentry"],"_links":{"self":[{"href":"https:\/\/gomenal.com\/index.php\/wp-json\/wp\/v2\/pages\/430","targetHints":{"allow":["GET"]}}],"collection":[{"href":"https:\/\/gomenal.com\/index.php\/wp-json\/wp\/v2\/pages"}],"about":[{"href":"https:\/\/gomenal.com\/index.php\/wp-json\/wp\/v2\/types\/page"}],"author":[{"embeddable":true,"href":"https:\/\/gomenal.com\/index.php\/wp-json\/wp\/v2\/users\/1"}],"replies":[{"embeddable":true,"href":"https:\/\/gomenal.com\/index.php\/wp-json\/wp\/v2\/comments?post=430"}],"version-history":[{"count":10,"href":"https:\/\/gomenal.com\/index.php\/wp-json\/wp\/v2\/pages\/430\/revisions"}],"predecessor-version":[{"id":451,"href":"https:\/\/gomenal.com\/index.php\/wp-json\/wp\/v2\/pages\/430\/revisions\/451"}],"wp:attachment":[{"href":"https:\/\/gomenal.com\/index.php\/wp-json\/wp\/v2\/media?parent=430"}],"curies":[{"name":"wp","href":"https:\/\/api.w.org\/{rel}","templated":true}]}}